{"id":788,"date":"2022-06-17T21:05:20","date_gmt":"2022-06-17T21:05:20","guid":{"rendered":"http:\/\/comediadelarte.cl\/?page_id=788"},"modified":"2022-06-18T06:20:27","modified_gmt":"2022-06-18T06:20:27","slug":"compania","status":"publish","type":"page","link":"https:\/\/comediadelartechile.cl\/index.php\/compania\/","title":{"rendered":"Elenco Comedia del Arte Chile"},"content":{"rendered":"\n<p>La compa\u00f1\u00eda nace bajo el alero de la Corporaci\u00f3n Cultural creada el a\u00f1o 2019. Cuya misi\u00f3n es la difusi\u00f3n y transmisi\u00f3n de este estilo teatral dentro de la escena chilena tanto en teatros como en las calles, reviviendo as\u00ed el esp\u00edritu hist\u00f3rico de los actores de la Commedia dell\u2019Arte.\u00a0<\/p>\n\n\n\n<p>Nuestra primera creaci\u00f3n es el &#8220;Corral de Comedias&#8221; que incluye tres canovacci; un cl\u00e1sico, una adaptaci\u00f3n contempor\u00e1nea y una improvisaci\u00f3n con personajes t\u00edpicos de la Commedia dell\u00b4Arte, estrenado en el Teatro Municipal de Pedro Aguirre Cerda.<\/p>\n\n\n\n<div class=\"wp-block-jetpack-slideshow aligncenter\" data-effect=\"slide\"><div class=\"wp-block-jetpack-slideshow_container swiper-container\"><ul class=\"wp-block-jetpack-slideshow_swiper-wrapper swiper-wrapper\"><li class=\"wp-block-jetpack-slideshow_slide swiper-slide\"><figure><img fetchpriority=\"high\" decoding=\"async\" width=\"1080\" height=\"831\" alt=\"\" class=\"wp-block-jetpack-slideshow_image wp-image-1008\" data-id=\"1008\" src=\"http:\/\/comediadelarte.cl\/wp-content\/uploads\/2022\/06\/Screenshot_20220617-184521-191_2.jpg\" srcset=\"https:\/\/comediadelartechile.cl\/wp-content\/uploads\/2022\/06\/Screenshot_20220617-184521-191_2.jpg 1080w, https:\/\/comediadelartechile.cl\/wp-content\/uploads\/2022\/06\/Screenshot_20220617-184521-191_2-300x231.jpg 300w, https:\/\/comediadelartechile.cl\/wp-content\/uploads\/2022\/06\/Screenshot_20220617-184521-191_2-1024x788.jpg 1024w, https:\/\/comediadelartechile.cl\/wp-content\/uploads\/2022\/06\/Screenshot_20220617-184521-191_2-768x591.jpg 768w\" sizes=\"(max-width: 1080px) 100vw, 1080px\" \/><figcaption class=\"wp-block-jetpack-slideshow_caption gallery-caption\">Fabi\u00e1n Arellano <\/figcaption><\/figure><\/li><li class=\"wp-block-jetpack-slideshow_slide swiper-slide\"><figure><img decoding=\"async\" width=\"454\" height=\"660\" alt=\"\" class=\"wp-block-jetpack-slideshow_image wp-image-1009\" data-id=\"1009\" src=\"http:\/\/comediadelarte.cl\/wp-content\/uploads\/2022\/06\/Screenshot_20220617-181821-982_2.png\" srcset=\"https:\/\/comediadelartechile.cl\/wp-content\/uploads\/2022\/06\/Screenshot_20220617-181821-982_2.png 454w, https:\/\/comediadelartechile.cl\/wp-content\/uploads\/2022\/06\/Screenshot_20220617-181821-982_2-206x300.png 206w\" sizes=\"(max-width: 454px) 100vw, 454px\" \/><figcaption class=\"wp-block-jetpack-slideshow_caption gallery-caption\">Jocelyn Adasme<\/figcaption><\/figure><\/li><li class=\"wp-block-jetpack-slideshow_slide swiper-slide\"><figure><img decoding=\"async\" width=\"2560\" height=\"1441\" alt=\"\" class=\"wp-block-jetpack-slideshow_image wp-image-1010\" data-id=\"1010\" src=\"http:\/\/comediadelarte.cl\/wp-content\/uploads\/2022\/06\/DSC05561_2-scaled.jpg\" srcset=\"https:\/\/comediadelartechile.cl\/wp-content\/uploads\/2022\/06\/DSC05561_2-scaled.jpg 2560w, https:\/\/comediadelartechile.cl\/wp-content\/uploads\/2022\/06\/DSC05561_2-300x169.jpg 300w, https:\/\/comediadelartechile.cl\/wp-content\/uploads\/2022\/06\/DSC05561_2-1024x577.jpg 1024w, https:\/\/comediadelartechile.cl\/wp-content\/uploads\/2022\/06\/DSC05561_2-768x432.jpg 768w, https:\/\/comediadelartechile.cl\/wp-content\/uploads\/2022\/06\/DSC05561_2-1536x865.jpg 1536w, https:\/\/comediadelartechile.cl\/wp-content\/uploads\/2022\/06\/DSC05561_2-2048x1153.jpg 2048w, https:\/\/comediadelartechile.cl\/wp-content\/uploads\/2022\/06\/DSC05561_2-1200x676.jpg 1200w, https:\/\/comediadelartechile.cl\/wp-content\/uploads\/2022\/06\/DSC05561_2-1980x1115.jpg 1980w\" sizes=\"(max-width: 2560px) 100vw, 2560px\" \/><figcaption class=\"wp-block-jetpack-slideshow_caption gallery-caption\">Jimena Guzm\u00e1n<\/figcaption><\/figure><\/li><li class=\"wp-block-jetpack-slideshow_slide swiper-slide\"><figure><img loading=\"lazy\" decoding=\"async\" width=\"816\" height=\"1063\" alt=\"\" class=\"wp-block-jetpack-slideshow_image wp-image-1011\" data-id=\"1011\" src=\"http:\/\/comediadelarte.cl\/wp-content\/uploads\/2022\/06\/Foto-Bastian_2.jpg\" srcset=\"https:\/\/comediadelartechile.cl\/wp-content\/uploads\/2022\/06\/Foto-Bastian_2.jpg 816w, https:\/\/comediadelartechile.cl\/wp-content\/uploads\/2022\/06\/Foto-Bastian_2-230x300.jpg 230w, https:\/\/comediadelartechile.cl\/wp-content\/uploads\/2022\/06\/Foto-Bastian_2-786x1024.jpg 786w, https:\/\/comediadelartechile.cl\/wp-content\/uploads\/2022\/06\/Foto-Bastian_2-768x1000.jpg 768w\" sizes=\"(max-width: 816px) 100vw, 816px\" \/><figcaption class=\"wp-block-jetpack-slideshow_caption gallery-caption\">Basti\u00e1n Nu\u00f1ez<\/figcaption><\/figure><\/li><\/ul><a class=\"wp-block-jetpack-slideshow_button-prev swiper-button-prev swiper-button-white\" role=\"button\"><\/a><a class=\"wp-block-jetpack-slideshow_button-next swiper-button-next swiper-button-white\" role=\"button\"><\/a><a aria-label=\"Pause Slideshow\" class=\"wp-block-jetpack-slideshow_button-pause\" role=\"button\"><\/a><div class=\"wp-block-jetpack-slideshow_pagination swiper-pagination swiper-pagination-white\"><\/div><\/div><\/div>\n\n\n\n<figure class=\"wp-block-image size-large is-style-rounded\"><img loading=\"lazy\" decoding=\"async\" width=\"1024\" height=\"649\" src=\"http:\/\/comediadelarte.cl\/wp-content\/uploads\/2022\/06\/image-1-1024x649.jpg\" alt=\"\" class=\"wp-image-1012\" srcset=\"https:\/\/comediadelartechile.cl\/wp-content\/uploads\/2022\/06\/image-1-1024x649.jpg 1024w, https:\/\/comediadelartechile.cl\/wp-content\/uploads\/2022\/06\/image-1-300x190.jpg 300w, https:\/\/comediadelartechile.cl\/wp-content\/uploads\/2022\/06\/image-1-768x487.jpg 768w, https:\/\/comediadelartechile.cl\/wp-content\/uploads\/2022\/06\/image-1-1200x761.jpg 1200w, https:\/\/comediadelartechile.cl\/wp-content\/uploads\/2022\/06\/image-1.jpg 1349w\" sizes=\"(max-width: 1024px) 100vw, 1024px\" \/><\/figure>\n\n\n\n<figure class=\"wp-block-image size-large is-style-rounded\"><img loading=\"lazy\" decoding=\"async\" width=\"1024\" height=\"683\" src=\"http:\/\/comediadelarte.cl\/wp-content\/uploads\/2022\/06\/image-1-1-1024x683.jpg\" alt=\"\" class=\"wp-image-1013\" srcset=\"https:\/\/comediadelartechile.cl\/wp-content\/uploads\/2022\/06\/image-1-1-1024x683.jpg 1024w, https:\/\/comediadelartechile.cl\/wp-content\/uploads\/2022\/06\/image-1-1-300x200.jpg 300w, https:\/\/comediadelartechile.cl\/wp-content\/uploads\/2022\/06\/image-1-1-768x512.jpg 768w, https:\/\/comediadelartechile.cl\/wp-content\/uploads\/2022\/06\/image-1-1-1200x800.jpg 1200w, https:\/\/comediadelartechile.cl\/wp-content\/uploads\/2022\/06\/image-1-1.jpg 1350w\" sizes=\"(max-width: 1024px) 100vw, 1024px\" \/><\/figure>\n\n\n\n<figure class=\"wp-block-image size-large is-style-rounded\"><img loading=\"lazy\" decoding=\"async\" width=\"1024\" height=\"662\" src=\"http:\/\/comediadelarte.cl\/wp-content\/uploads\/2022\/06\/image-1-2-1024x662.jpg\" alt=\"\" class=\"wp-image-1014\" srcset=\"https:\/\/comediadelartechile.cl\/wp-content\/uploads\/2022\/06\/image-1-2-1024x662.jpg 1024w, https:\/\/comediadelartechile.cl\/wp-content\/uploads\/2022\/06\/image-1-2-300x194.jpg 300w, https:\/\/comediadelartechile.cl\/wp-content\/uploads\/2022\/06\/image-1-2-768x497.jpg 768w, https:\/\/comediadelartechile.cl\/wp-content\/uploads\/2022\/06\/image-1-2-1200x776.jpg 1200w, https:\/\/comediadelartechile.cl\/wp-content\/uploads\/2022\/06\/image-1-2.jpg 1350w\" sizes=\"(max-width: 1024px) 100vw, 1024px\" \/><\/figure>\n\n\n\n<figure class=\"wp-block-image size-large is-style-rounded\"><img loading=\"lazy\" decoding=\"async\" width=\"1024\" height=\"683\" src=\"http:\/\/comediadelarte.cl\/wp-content\/uploads\/2022\/06\/image-1-3-1024x683.jpg\" alt=\"\" class=\"wp-image-1015\" srcset=\"https:\/\/comediadelartechile.cl\/wp-content\/uploads\/2022\/06\/image-1-3-1024x683.jpg 1024w, https:\/\/comediadelartechile.cl\/wp-content\/uploads\/2022\/06\/image-1-3-300x200.jpg 300w, https:\/\/comediadelartechile.cl\/wp-content\/uploads\/2022\/06\/image-1-3-768x512.jpg 768w, https:\/\/comediadelartechile.cl\/wp-content\/uploads\/2022\/06\/image-1-3-1200x800.jpg 1200w, https:\/\/comediadelartechile.cl\/wp-content\/uploads\/2022\/06\/image-1-3.jpg 1350w\" sizes=\"(max-width: 1024px) 100vw, 1024px\" \/><\/figure>\n","protected":false},"excerpt":{"rendered":"<p>La compa\u00f1\u00eda nace bajo el alero de la Corporaci\u00f3n Cultural creada el a\u00f1o 2019. Cuya misi\u00f3n es la difusi\u00f3n y transmisi\u00f3n de este estilo teatral dentro de la escena chilena tanto en teatros como en las calles, reviviendo as\u00ed el esp\u00edritu hist\u00f3rico de los actores de la Commedia dell\u2019Arte.\u00a0 Nuestra primera creaci\u00f3n es el &#8220;Corral [&hellip;]<\/p>\n","protected":false},"author":2,"featured_media":0,"parent":0,"menu_order":0,"comment_status":"closed","ping_status":"closed","template":"","meta":{"footnotes":""},"class_list":["post-788","page","type-page","status-publish","hentry"],"_links":{"self":[{"href":"https:\/\/comediadelartechile.cl\/index.php\/wp-json\/wp\/v2\/pages\/788","targetHints":{"allow":["GET"]}}],"collection":[{"href":"https:\/\/comediadelartechile.cl\/index.php\/wp-json\/wp\/v2\/pages"}],"about":[{"href":"https:\/\/comediadelartechile.cl\/index.php\/wp-json\/wp\/v2\/types\/page"}],"author":[{"embeddable":true,"href":"https:\/\/comediadelartechile.cl\/index.php\/wp-json\/wp\/v2\/users\/2"}],"replies":[{"embeddable":true,"href":"https:\/\/comediadelartechile.cl\/index.php\/wp-json\/wp\/v2\/comments?post=788"}],"version-history":[{"count":0,"href":"https:\/\/comediadelartechile.cl\/index.php\/wp-json\/wp\/v2\/pages\/788\/revisions"}],"wp:attachment":[{"href":"https:\/\/comediadelartechile.cl\/index.php\/wp-json\/wp\/v2\/media?parent=788"}],"curies":[{"name":"wp","href":"https:\/\/api.w.org\/{rel}","templated":true}]}}