{"id":21,"date":"2021-12-22T19:51:09","date_gmt":"2021-12-22T19:51:09","guid":{"rendered":"http:\/\/comediadelarte.cl\/?page_id=21"},"modified":"2022-06-19T01:34:45","modified_gmt":"2022-06-19T01:34:45","slug":"about","status":"publish","type":"page","link":"https:\/\/comediadelartechile.cl\/index.php\/about\/","title":{"rendered":"CORPORACI\u00d3N CULTURAL COMEDIA DEL ARTE CHILE"},"content":{"rendered":"\n<p>Como Corporaci\u00f3n Cultural Nos hemos conformado desde el a\u00f1o 2019 con el objetivo de visibilizar el estilo Teatral Italiano de la Commedia dell\u00b4Arte. Formando un directorio con artistas y distintas \u00e1reas colaborativas. <\/p>\n\n\n\n<p>Nuestra Corporaci\u00f3n tenemos una basta investigaci\u00f3n en la historia de la Commedia dell\u00b4Arte, donde creamos diversos Espect\u00e1culos, Talleres, Festivales, entre otros. Todo con el fin de llevar Cultura a todos los rincones del pa\u00eds.<\/p>\n\n\n\n<ul class=\"wp-block-list\"><li>Promover, potenciar e incentivar actividades culturales para las distintas comunidades de nuestro pa\u00eds, a trav\u00e9s de la realizaci\u00f3n de un festival Teatral del g\u00e9nero llamado \u00a8Commedia dell\u00b4Arte\u00a8.&nbsp;<\/li><li>Llegar a p\u00fablicos de distintos rangos etarios y distintas etapas del desarrollo, abarcando desde ni\u00f1os y ni\u00f1as hasta adultos mayores, raz\u00f3n por la cual el festival ser\u00e1 abierto y participativo.&nbsp;<\/li><li>Crear a trav\u00e9s del divertimento, la recreaci\u00f3n, el esparcimiento, la sorpresa y la admiraci\u00f3n, un grato momento cultural para las familias y comunidades asistentes.&nbsp;<\/li><li>Involucrar de principio a fin a la audici\u00f3n, con este subg\u00e9nero dram\u00e1tico, con las muestras de las distintas obras a representar en nuestro festival.&nbsp;<\/li><li>Cooperar con la difusi\u00f3n art\u00edstico cultural para nuestra comunidad, es decir, que el festival de la comedia del arte, estar\u00e1 al alcance de todas las personas que quieran participar de este encuentro. En efecto, seremos art\u00edfices de un aporte general para la cultura en toda comunidad donde el festival se lleve a cabo.&nbsp;<\/li><\/ul>\n\n\n\n<p><em>Citamos<\/em>: \u00a8<em><strong>Toda persona tiene derecho a tomar parte libremente en la vida cultural de la comunidad, a gozar de las artes y a participar en el progreso cient\u00edfico y en los beneficios que de \u00e9l resulten&#8230;\u00bb (ONU, 1948).<\/strong><\/em>\u00a8<\/p>\n\n\n\n<p><\/p>\n\n\n\n<h2 class=\"wp-block-heading\">Equipo Corporativo<\/h2>\n\n\n\n<div class=\"wp-block-group\"><div class=\"wp-block-group__inner-container is-layout-flow wp-block-group-is-layout-flow\">\n<div class=\"wp-block-media-text alignwide is-stacked-on-mobile\" style=\"grid-template-columns:42% auto\"><figure class=\"wp-block-media-text__media\"><img fetchpriority=\"high\" decoding=\"async\" width=\"768\" height=\"1024\" src=\"http:\/\/comediadelarte.cl\/wp-content\/uploads\/2022\/06\/IMG-20220618-WA0006-1-768x1024.jpg\" alt=\"\" class=\"wp-image-1058 size-full\" srcset=\"https:\/\/comediadelartechile.cl\/wp-content\/uploads\/2022\/06\/IMG-20220618-WA0006-1-768x1024.jpg 768w, https:\/\/comediadelartechile.cl\/wp-content\/uploads\/2022\/06\/IMG-20220618-WA0006-1-225x300.jpg 225w, https:\/\/comediadelartechile.cl\/wp-content\/uploads\/2022\/06\/IMG-20220618-WA0006-1-1152x1536.jpg 1152w, https:\/\/comediadelartechile.cl\/wp-content\/uploads\/2022\/06\/IMG-20220618-WA0006-1.jpg 1200w\" sizes=\"(max-width: 768px) 100vw, 768px\" \/><\/figure><div class=\"wp-block-media-text__content\">\n<p class=\"has-small-font-size\">Brian Maltra\u00edn<\/p>\n\n\n\n<p class=\"has-small-font-size\">Presidente Corporaci\u00f3n<\/p>\n\n\n\n<p class=\"has-small-font-size\">Actor y Clown, Especializado en Commedia dell\u00b4Arte e Improvisaci\u00f3n <\/p>\n<\/div><\/div>\n\n\n\n<div class=\"wp-block-media-text alignwide is-stacked-on-mobile\" style=\"grid-template-columns:43% auto\"><figure class=\"wp-block-media-text__media\"><img decoding=\"async\" width=\"1024\" height=\"828\" src=\"http:\/\/comediadelarte.cl\/wp-content\/uploads\/2022\/06\/123123968_197851608452497_587217002054728006_n-1024x828.jpg\" alt=\"\" class=\"wp-image-803 size-full\" srcset=\"https:\/\/comediadelartechile.cl\/wp-content\/uploads\/2022\/06\/123123968_197851608452497_587217002054728006_n-1024x828.jpg 1024w, https:\/\/comediadelartechile.cl\/wp-content\/uploads\/2022\/06\/123123968_197851608452497_587217002054728006_n-300x243.jpg 300w, https:\/\/comediadelartechile.cl\/wp-content\/uploads\/2022\/06\/123123968_197851608452497_587217002054728006_n-768x621.jpg 768w, https:\/\/comediadelartechile.cl\/wp-content\/uploads\/2022\/06\/123123968_197851608452497_587217002054728006_n.jpg 1080w\" sizes=\"(max-width: 1024px) 100vw, 1024px\" \/><\/figure><div class=\"wp-block-media-text__content\">\n<p class=\"has-normal-font-size\">Jimena Guzm\u00e1n <\/p>\n\n\n\n<p class=\"has-small-font-size\">Secretaria Corporaci\u00f3n                         <\/p>\n\n\n\n<p class=\"has-small-font-size\">Actriz especializada en                        Commedia dell\u00b4Arte<\/p>\n<\/div><\/div>\n\n\n\n<div class=\"wp-block-media-text alignwide is-stacked-on-mobile\" style=\"grid-template-columns:43% auto\"><figure class=\"wp-block-media-text__media\"><img decoding=\"async\" width=\"1024\" height=\"1014\" src=\"http:\/\/comediadelarte.cl\/wp-content\/uploads\/2022\/06\/Screenshot_20220617-225845-537-1024x1014.jpg\" alt=\"\" class=\"wp-image-995 size-full\" srcset=\"https:\/\/comediadelartechile.cl\/wp-content\/uploads\/2022\/06\/Screenshot_20220617-225845-537-1024x1014.jpg 1024w, https:\/\/comediadelartechile.cl\/wp-content\/uploads\/2022\/06\/Screenshot_20220617-225845-537-300x297.jpg 300w, https:\/\/comediadelartechile.cl\/wp-content\/uploads\/2022\/06\/Screenshot_20220617-225845-537-150x150.jpg 150w, https:\/\/comediadelartechile.cl\/wp-content\/uploads\/2022\/06\/Screenshot_20220617-225845-537-768x760.jpg 768w, https:\/\/comediadelartechile.cl\/wp-content\/uploads\/2022\/06\/Screenshot_20220617-225845-537.jpg 1080w\" sizes=\"(max-width: 1024px) 100vw, 1024px\" \/><\/figure><div class=\"wp-block-media-text__content\">\n<p>Fabi\u00e1n Arellano<\/p>\n\n\n\n<p class=\"has-small-font-size\">Fundador y Vicepresidente Corporaci\u00f3n<\/p>\n\n\n\n<p class=\"has-small-font-size\">Actor e investigador en                Commedia dell\u00b4Arte<br><\/p>\n<\/div><\/div>\n\n\n\n<div class=\"wp-block-media-text alignwide is-stacked-on-mobile\" style=\"grid-template-columns:43% auto\"><figure class=\"wp-block-media-text__media\"><img loading=\"lazy\" decoding=\"async\" width=\"819\" height=\"1024\" src=\"http:\/\/comediadelarte.cl\/wp-content\/uploads\/2022\/06\/30593163_2041722952763778_2161369685289861120_n-819x1024.jpg\" alt=\"\" class=\"wp-image-805 size-full\" srcset=\"https:\/\/comediadelartechile.cl\/wp-content\/uploads\/2022\/06\/30593163_2041722952763778_2161369685289861120_n-819x1024.jpg 819w, https:\/\/comediadelartechile.cl\/wp-content\/uploads\/2022\/06\/30593163_2041722952763778_2161369685289861120_n-240x300.jpg 240w, https:\/\/comediadelartechile.cl\/wp-content\/uploads\/2022\/06\/30593163_2041722952763778_2161369685289861120_n-768x960.jpg 768w, https:\/\/comediadelartechile.cl\/wp-content\/uploads\/2022\/06\/30593163_2041722952763778_2161369685289861120_n.jpg 1080w\" sizes=\"(max-width: 819px) 100vw, 819px\" \/><\/figure><div class=\"wp-block-media-text__content\">\n<p class=\"has-normal-font-size\">Daniel Arellano<\/p>\n\n\n\n<p class=\"has-small-font-size\">Tesorero Corporaci\u00f3n <\/p>\n\n\n\n<p class=\"has-small-font-size\">Sonidista y Dise\u00f1ador<br><\/p>\n<\/div><\/div>\n<\/div><\/div>\n\n\n\n<figure class=\"wp-block-image size-full is-resized is-style-default\"><img loading=\"lazy\" decoding=\"async\" src=\"http:\/\/comediadelarte.cl\/wp-content\/uploads\/2022\/06\/image.png\" alt=\"\" class=\"wp-image-986\" width=\"421\" height=\"85\" srcset=\"https:\/\/comediadelartechile.cl\/wp-content\/uploads\/2022\/06\/image.png 376w, https:\/\/comediadelartechile.cl\/wp-content\/uploads\/2022\/06\/image-300x61.png 300w\" sizes=\"(max-width: 421px) 100vw, 421px\" \/><\/figure>\n\n\n\n<hr class=\"wp-block-separator\"\/>\n\n\n\n<p><\/p>\n","protected":false},"excerpt":{"rendered":"<p>Como Corporaci\u00f3n Cultural Nos hemos conformado desde el a\u00f1o 2019 con el objetivo de visibilizar el estilo Teatral Italiano de la Commedia dell\u00b4Arte. Formando un directorio con artistas y distintas \u00e1reas colaborativas. Nuestra Corporaci\u00f3n tenemos una basta investigaci\u00f3n en la historia de la Commedia dell\u00b4Arte, donde creamos diversos Espect\u00e1culos, Talleres, Festivales, entre otros. Todo con [&hellip;]<\/p>\n","protected":false},"author":2,"featured_media":0,"parent":0,"menu_order":0,"comment_status":"closed","ping_status":"closed","template":"","meta":{"footnotes":""},"class_list":["post-21","page","type-page","status-publish","hentry"],"_links":{"self":[{"href":"https:\/\/comediadelartechile.cl\/index.php\/wp-json\/wp\/v2\/pages\/21","targetHints":{"allow":["GET"]}}],"collection":[{"href":"https:\/\/comediadelartechile.cl\/index.php\/wp-json\/wp\/v2\/pages"}],"about":[{"href":"https:\/\/comediadelartechile.cl\/index.php\/wp-json\/wp\/v2\/types\/page"}],"author":[{"embeddable":true,"href":"https:\/\/comediadelartechile.cl\/index.php\/wp-json\/wp\/v2\/users\/2"}],"replies":[{"embeddable":true,"href":"https:\/\/comediadelartechile.cl\/index.php\/wp-json\/wp\/v2\/comments?post=21"}],"version-history":[{"count":0,"href":"https:\/\/comediadelartechile.cl\/index.php\/wp-json\/wp\/v2\/pages\/21\/revisions"}],"wp:attachment":[{"href":"https:\/\/comediadelartechile.cl\/index.php\/wp-json\/wp\/v2\/media?parent=21"}],"curies":[{"name":"wp","href":"https:\/\/api.w.org\/{rel}","templated":true}]}}